{"id":2123,"date":"2020-11-28T21:36:50","date_gmt":"2020-11-28T21:36:50","guid":{"rendered":"https:\/\/mariaterrero.com\/?page_id=2123"},"modified":"2020-11-28T21:37:08","modified_gmt":"2020-11-28T21:37:08","slug":"politica-de-privacidad","status":"publish","type":"page","link":"https:\/\/mariaterrero.com\/index.php\/politica-de-privacidad\/","title":{"rendered":"Politica De Privacidad"},"content":{"rendered":"\t\t<div data-elementor-type=\"wp-page\" data-elementor-id=\"2123\" class=\"elementor elementor-2123\" data-elementor-settings=\"[]\">\n\t\t\t\t\t\t<div class=\"elementor-inner\">\n\t\t\t\t\t\t\t<div class=\"elementor-section-wrap\">\n\t\t\t\t\t\t\t<section class=\"elementor-section elementor-top-section elementor-element elementor-element-b9d9e71 elementor-section-boxed elementor-section-height-default elementor-section-height-default\" data-id=\"b9d9e71\" data-element_type=\"section\">\n\t\t\t\t\t\t<div class=\"elementor-container elementor-column-gap-default\">\n\t\t\t\t\t\t\t<div class=\"elementor-row\">\n\t\t\t\t\t<div class=\"elementor-column elementor-col-100 elementor-top-column elementor-element elementor-element-3389bbf\" data-id=\"3389bbf\" data-element_type=\"column\">\n\t\t\t<div class=\"elementor-column-wrap elementor-element-populated\">\n\t\t\t\t\t\t\t<div class=\"elementor-widget-wrap\">\n\t\t\t\t\t\t<div class=\"elementor-element elementor-element-ebe773b elementor-widget elementor-widget-heading\" data-id=\"ebe773b\" data-element_type=\"widget\" data-widget_type=\"heading.default\">\n\t\t\t\t<div class=\"elementor-widget-container\">\n\t\t\t<h2 class=\"elementor-heading-title elementor-size-default\">Politica De Privacidad<\/h2>\t\t<\/div>\n\t\t\t\t<\/div>\n\t\t\t\t\t\t<\/div>\n\t\t\t\t\t<\/div>\n\t\t<\/div>\n\t\t\t\t\t\t\t\t<\/div>\n\t\t\t\t\t<\/div>\n\t\t<\/section>\n\t\t\t\t<section class=\"elementor-section elementor-top-section elementor-element elementor-element-21e1ad6 elementor-section-boxed elementor-section-height-default elementor-section-height-default\" data-id=\"21e1ad6\" data-element_type=\"section\">\n\t\t\t\t\t\t<div class=\"elementor-container elementor-column-gap-default\">\n\t\t\t\t\t\t\t<div class=\"elementor-row\">\n\t\t\t\t\t<div class=\"elementor-column elementor-col-100 elementor-top-column elementor-element elementor-element-2e39a7c\" data-id=\"2e39a7c\" data-element_type=\"column\">\n\t\t\t<div class=\"elementor-column-wrap elementor-element-populated\">\n\t\t\t\t\t\t\t<div class=\"elementor-widget-wrap\">\n\t\t\t\t\t\t<div class=\"elementor-element elementor-element-963a033 elementor-widget elementor-widget-text-editor\" data-id=\"963a033\" data-element_type=\"widget\" data-widget_type=\"text-editor.default\">\n\t\t\t\t<div class=\"elementor-widget-container\">\n\t\t\t\t\t<div class=\"elementor-text-editor elementor-clearfix\"><p><strong>Qui<\/strong><strong>\u00e9<\/strong><strong>nes somos<\/strong><\/p><p>La presente Pol\u00edtica de Privacidad establece los t\u00e9rminos en los que\u00a0usa y protege la informaci\u00f3n que es proporcionada por sus usuarios al momento de utilizar este sitio web. Mariaterrero.com est\u00e1 comprometida con la seguridad de los datos de sus usuarios.<\/p><p>\u00a0<\/p><p><strong>Informaci<\/strong><strong>\u00f3n que es recogida:<\/strong><\/p><p>El sitio web y sus servicios son de acceso libre y gratuito, no obstante, para poder cumplir con las finalidades de algunos de los servicios ofrecidos por mariaterrero.com, el usuario deber\u00e1 cumplimentar previamente el correspondiente formulario. Por tanto, si no se facilitan los datos necesarios o no lo hace correctamente no podr\u00e1n atenderse las solicitudes, sin perjuicio de que podr\u00e1 visualizar libremente el contenido de la web. Mariaterrero.com se compromete a almacenar y hacer un uso apropiado de los datos proporcionados por los usuarios<\/p><p><strong>Usuarios:<\/strong><\/p><p>El acceso y\/o uso de este portal atribuye la condici\u00f3n de usuario, que acepta, desde dicho acceso y\/o uso, las Condiciones Generales de Uso aqu\u00ed reflejadas. Las citadas Condiciones ser\u00e1n de aplicaci\u00f3n independientemente de las Condiciones Generales de Contrataci\u00f3n que en su caso resulten de obligado cumplimiento. El Usuario: Garantiza que ha informado a los terceros de los que facilite sus datos, en caso de hacerlo, de los aspectos contenidos en este documento. Asimismo, garantiza que ha obtenido su autorizaci\u00f3n para facilitar sus datos al PROPIETARIO DE LA WEB para los fines se\u00f1alados. Ser\u00e1 responsable de las informaciones falsas o inexactas que proporcione a trav\u00e9s del Sitio Web y de los da\u00f1os y perjuicios, directos o indirectos, que ello cause al PROPIETARIO DE LA WEB o a terceros.<\/p><p>\u00a0<\/p><p><strong>Enlaces desde mariaterrero<\/strong><strong>.com<\/strong><\/p><p>En el caso de que nuestra p\u00e1gina web contenga enlaces a otras p\u00e1ginas web y materiales de terceros, se facilitar\u00e1n \u00fanicamente a efectos informativos, sin que mariaterrero.com tenga control alguno sobre el contenido de dichas p\u00e1ginas web o materiales. Eximimos toda responsabilidad, por lo tanto, de cualquier da\u00f1o o p\u00e9rdida derivados de su uso.<\/p><p><strong>Comunicaciones por escrito<\/strong><\/p><p>La normativa aplicable exige que parte de la informaci\u00f3n o comunicaciones que le enviemos sean por escrito. Mediante el uso de esta p\u00e1gina web, usted acepta que la mayor parte de dichas comunicaciones con nosotros sean electr\u00f3nicas. Nos pondremos en contacto con usted por correo electr\u00f3nico o le facilitaremos informaci\u00f3n colgando avisos en esta p\u00e1gina web. A efectos contractuales, usted consiente en usar este medio electr\u00f3nico de comunicaci\u00f3n y reconoce que todo contrato, notificaci\u00f3n, informaci\u00f3n y dem\u00e1s comunicaciones que le enviemos de forma electr\u00f3nica cumplen con los requisitos legales de ser por escrito. Esta condici\u00f3n no afectar\u00e1 a sus derechos reconocidos por ley.<\/p><p>\u00a0<\/p><p><strong>Notificaciones<\/strong><\/p><p>Las notificaciones que usted nos env\u00ede deber\u00e1n enviarse preferiblemente a trav\u00e9s de nuestro formulario de contacto.<\/p><p>Se entender\u00e1 que las notificaciones han sido recibidas y han sido correctamente hechas en el mismo instante en que se cuelguen en nuestra p\u00e1gina web, 24 horas despu\u00e9s de haberse enviado un correo electr\u00f3nico, o tres d\u00edas despu\u00e9s de la fecha de franqueo de cualquier carta. Para probar que la notificaci\u00f3n ha sido hecha, ser\u00e1 suficiente con probar, en el caso de una carta, que ten\u00eda la direcci\u00f3n correcta, estaba correctamente sellada y que fue debidamente entregada en correos o en un buz\u00f3n y, en el caso de un correo electr\u00f3nico, que el mismo fue enviado a la direcci\u00f3n de correo electr\u00f3nico especificada por el receptor.<\/p><p><strong>Cesi<\/strong><strong>\u00f3n de derechos y obligaciones<\/strong><\/p><p>El contrato es vinculante tanto para usted como para nosotros, as\u00ed como para nuestros respectivos sucesores, cesionarios y causahabientes.<\/p><p>Usted no podr\u00e1 transmitir, ceder, gravar o de cualquier otro modo transferir un contrato o alguno de los derechos u obligaciones derivados del mismo, sin haber obtenido nuestro consentimiento previo por escrito.<\/p><p>Podemos transmitir, ceder, gravar, subcontratar o de cualquier otro modo transferir un contrato o alguno de los derechos u obligaciones derivados del mismo, en cualquier momento durante su vigencia. Para evitar cualquier duda, dichas transmisiones, cesiones, grav\u00e1menes u otras transferencias no afectar\u00e1n los derechos que, en su caso, usted, como consumidor, tiene reconocidos por ley ni anular\u00e1n, reducir\u00e1n o limitar\u00e1n de cualquier otra forma las garant\u00edas, tanto expresas como t\u00e1citas, que le hubi\u00e9semos podido otorgar.<\/p><p>\u00a0<\/p><p><strong>Modificaci\u00f3n de las presentes condiciones y duraci\u00f3<\/strong><strong>n:<\/strong><\/p><p>Mariaterrero.com podr\u00e1 modificar en cualquier momento las condiciones aqu\u00ed determinadas, siendo debidamente publicadas como aqu\u00ed aparecen. La vigencia de las citadas condiciones ir\u00e1 en funci\u00f3n de su exposici\u00f3n y estar\u00e1n vigentes hasta que sean modificadas por otras debidamente publicadas.<\/p><\/div>\n\t\t\t\t<\/div>\n\t\t\t\t<\/div>\n\t\t\t\t\t\t<\/div>\n\t\t\t\t\t<\/div>\n\t\t<\/div>\n\t\t\t\t\t\t\t\t<\/div>\n\t\t\t\t\t<\/div>\n\t\t<\/section>\n\t\t\t\t\t\t<\/div>\n\t\t\t\t\t\t<\/div>\n\t\t\t\t\t<\/div>\n\t\t","protected":false},"excerpt":{"rendered":"<p>Politica De Privacidad Qui\u00e9nes somos La presente Pol\u00edtica de Privacidad establece los t\u00e9rminos en los que\u00a0usa y protege la informaci\u00f3n que es proporcionada por sus usuarios al momento de utilizar este sitio web. Mariaterrero.com est\u00e1 comprometida con la seguridad de los datos de sus usuarios. \u00a0 Informaci\u00f3n que es recogida: El sitio web y sus &hellip;<\/p>\n<p class=\"read-more\"> <a class=\"\" href=\"https:\/\/mariaterrero.com\/index.php\/politica-de-privacidad\/\"> <span class=\"screen-reader-text\">Politica De Privacidad<\/span> Leer m\u00e1s &raquo;<\/a><\/p>\n","protected":false},"author":1,"featured_media":0,"parent":0,"menu_order":0,"comment_status":"closed","ping_status":"closed","template":"","meta":[],"_links":{"self":[{"href":"https:\/\/mariaterrero.com\/index.php\/wp-json\/wp\/v2\/pages\/2123"}],"collection":[{"href":"https:\/\/mariaterrero.com\/index.php\/wp-json\/wp\/v2\/pages"}],"about":[{"href":"https:\/\/mariaterrero.com\/index.php\/wp-json\/wp\/v2\/types\/page"}],"author":[{"embeddable":true,"href":"https:\/\/mariaterrero.com\/index.php\/wp-json\/wp\/v2\/users\/1"}],"replies":[{"embeddable":true,"href":"https:\/\/mariaterrero.com\/index.php\/wp-json\/wp\/v2\/comments?post=2123"}],"version-history":[{"count":4,"href":"https:\/\/mariaterrero.com\/index.php\/wp-json\/wp\/v2\/pages\/2123\/revisions"}],"predecessor-version":[{"id":2127,"href":"https:\/\/mariaterrero.com\/index.php\/wp-json\/wp\/v2\/pages\/2123\/revisions\/2127"}],"wp:attachment":[{"href":"https:\/\/mariaterrero.com\/index.php\/wp-json\/wp\/v2\/media?parent=2123"}],"curies":[{"name":"wp","href":"https:\/\/api.w.org\/{rel}","templated":true}]}}