{"id":2132,"date":"2020-11-28T21:40:20","date_gmt":"2020-11-28T21:40:20","guid":{"rendered":"https:\/\/mariaterrero.com\/?page_id=2132"},"modified":"2021-03-12T14:19:17","modified_gmt":"2021-03-12T14:19:17","slug":"envios-y-devoluciones","status":"publish","type":"page","link":"https:\/\/mariaterrero.com\/index.php\/envios-y-devoluciones\/","title":{"rendered":"Envios Y Devoluciones"},"content":{"rendered":"\t\t<div data-elementor-type=\"wp-page\" data-elementor-id=\"2132\" class=\"elementor elementor-2132\" data-elementor-settings=\"[]\">\n\t\t\t\t\t\t<div class=\"elementor-inner\">\n\t\t\t\t\t\t\t<div class=\"elementor-section-wrap\">\n\t\t\t\t\t\t\t<section class=\"elementor-section elementor-top-section elementor-element elementor-element-d8334cf elementor-section-boxed elementor-section-height-default elementor-section-height-default\" data-id=\"d8334cf\" data-element_type=\"section\">\n\t\t\t\t\t\t<div class=\"elementor-container elementor-column-gap-default\">\n\t\t\t\t\t\t\t<div class=\"elementor-row\">\n\t\t\t\t\t<div class=\"elementor-column elementor-col-100 elementor-top-column elementor-element elementor-element-cbe9198\" data-id=\"cbe9198\" data-element_type=\"column\">\n\t\t\t<div class=\"elementor-column-wrap elementor-element-populated\">\n\t\t\t\t\t\t\t<div class=\"elementor-widget-wrap\">\n\t\t\t\t\t\t<section class=\"elementor-section elementor-inner-section elementor-element elementor-element-5b81389 elementor-section-boxed elementor-section-height-default elementor-section-height-default\" data-id=\"5b81389\" data-element_type=\"section\">\n\t\t\t\t\t\t<div class=\"elementor-container elementor-column-gap-default\">\n\t\t\t\t\t\t\t<div class=\"elementor-row\">\n\t\t\t\t\t<div class=\"elementor-column elementor-col-100 elementor-inner-column elementor-element elementor-element-50e6af8\" data-id=\"50e6af8\" data-element_type=\"column\">\n\t\t\t<div class=\"elementor-column-wrap elementor-element-populated\">\n\t\t\t\t\t\t\t<div class=\"elementor-widget-wrap\">\n\t\t\t\t\t\t<div class=\"elementor-element elementor-element-6e99563 elementor-widget elementor-widget-heading\" data-id=\"6e99563\" data-element_type=\"widget\" data-widget_type=\"heading.default\">\n\t\t\t\t<div class=\"elementor-widget-container\">\n\t\t\t<h2 class=\"elementor-heading-title elementor-size-default\">Pol\u00edtica de Env\u00edos<\/h2>\t\t<\/div>\n\t\t\t\t<\/div>\n\t\t\t\t\t\t<\/div>\n\t\t\t\t\t<\/div>\n\t\t<\/div>\n\t\t\t\t\t\t\t\t<\/div>\n\t\t\t\t\t<\/div>\n\t\t<\/section>\n\t\t\t\t\t\t<\/div>\n\t\t\t\t\t<\/div>\n\t\t<\/div>\n\t\t\t\t\t\t\t\t<\/div>\n\t\t\t\t\t<\/div>\n\t\t<\/section>\n\t\t\t\t<section class=\"elementor-section elementor-top-section elementor-element elementor-element-66ce205 elementor-section-boxed elementor-section-height-default elementor-section-height-default\" data-id=\"66ce205\" data-element_type=\"section\">\n\t\t\t\t\t\t<div class=\"elementor-container elementor-column-gap-default\">\n\t\t\t\t\t\t\t<div class=\"elementor-row\">\n\t\t\t\t\t<div class=\"elementor-column elementor-col-100 elementor-top-column elementor-element elementor-element-908f313\" data-id=\"908f313\" data-element_type=\"column\">\n\t\t\t<div class=\"elementor-column-wrap elementor-element-populated\">\n\t\t\t\t\t\t\t<div class=\"elementor-widget-wrap\">\n\t\t\t\t\t\t<div class=\"elementor-element elementor-element-67b04f2 elementor-widget elementor-widget-text-editor\" data-id=\"67b04f2\" data-element_type=\"widget\" data-widget_type=\"text-editor.default\">\n\t\t\t\t<div class=\"elementor-widget-container\">\n\t\t\t\t\t<div class=\"elementor-text-editor elementor-clearfix\"><p>El tiempo de env\u00edo para Espa\u00f1a es de 2 a 4 d\u00edas laborables.<br \/>Env\u00edo nacional est\u00e1ndar gratuito para pedidos superiores a 80 \u20ac.<\/p><p><strong>PRE-ORDER<\/strong>. Para los pedidos realizados bajo este encargo damos un plazo de 15 o 20 d\u00edas siempre y cuando tengamos el stock de tejidos. En caso contrario, informar\u00edamos del tiempo que necesitamos.<\/p><p><strong>PROVINCIAL:<\/strong><\/p><p>Env\u00edo provincial est\u00e1ndar desde 4.68 \u20ac<\/p><p><strong>REGIONAL:<\/strong><\/p><p>Env\u00edo regional est\u00e1ndar desde 5.90 \u20ac<\/p><p><strong>NACIONAL:<\/strong><\/p><p>Env\u00edo nacional est\u00e1ndar desde 6.94 \u20ac<\/p><p><strong>BALEARES Y PA\u00cdSES DE LA UNI\u00d3N EUROPEA<\/strong><br \/>Los plazos de entrega pueden variar entre 5 y 7 d\u00edas laborables.<br \/>Env\u00edo desde 15\u20ac<\/p><p><strong>ADUANAS<\/strong><\/p><p>Los gastos de aduana correr\u00e1n siempre a cargo del destinatario. Estos cargos NO est\u00e1n incluidos en el precio del producto ni en los gastos de env\u00edo.<br \/>Cada pa\u00eds tiene sus propias tarifas de gesti\u00f3n aduanera, que ser\u00e1n aceptadas por el destinatario. Estas condiciones se aceptan con la realizaci\u00f3n de la compra.<\/p><\/div>\n\t\t\t\t<\/div>\n\t\t\t\t<\/div>\n\t\t\t\t\t\t<\/div>\n\t\t\t\t\t<\/div>\n\t\t<\/div>\n\t\t\t\t\t\t\t\t<\/div>\n\t\t\t\t\t<\/div>\n\t\t<\/section>\n\t\t\t\t<section class=\"elementor-section elementor-top-section elementor-element elementor-element-f7f2301 elementor-section-boxed elementor-section-height-default elementor-section-height-default\" data-id=\"f7f2301\" data-element_type=\"section\">\n\t\t\t\t\t\t<div class=\"elementor-container elementor-column-gap-no\">\n\t\t\t\t\t\t\t<div class=\"elementor-row\">\n\t\t\t\t\t<div class=\"elementor-column elementor-col-100 elementor-top-column elementor-element elementor-element-2079465\" data-id=\"2079465\" data-element_type=\"column\">\n\t\t\t<div class=\"elementor-column-wrap elementor-element-populated\">\n\t\t\t\t\t\t\t<div class=\"elementor-widget-wrap\">\n\t\t\t\t\t\t<section class=\"elementor-section elementor-inner-section elementor-element elementor-element-a84b22f elementor-section-boxed elementor-section-height-default elementor-section-height-default\" data-id=\"a84b22f\" data-element_type=\"section\">\n\t\t\t\t\t\t<div class=\"elementor-container elementor-column-gap-default\">\n\t\t\t\t\t\t\t<div class=\"elementor-row\">\n\t\t\t\t\t<div class=\"elementor-column elementor-col-100 elementor-inner-column elementor-element elementor-element-c5910e9\" data-id=\"c5910e9\" data-element_type=\"column\">\n\t\t\t<div class=\"elementor-column-wrap elementor-element-populated\">\n\t\t\t\t\t\t\t<div class=\"elementor-widget-wrap\">\n\t\t\t\t\t\t<div class=\"elementor-element elementor-element-74e5043 elementor-widget elementor-widget-heading\" data-id=\"74e5043\" data-element_type=\"widget\" data-widget_type=\"heading.default\">\n\t\t\t\t<div class=\"elementor-widget-container\">\n\t\t\t<h2 class=\"elementor-heading-title elementor-size-default\">Pol\u00edtica de Devoluciones<\/h2>\t\t<\/div>\n\t\t\t\t<\/div>\n\t\t\t\t\t\t<\/div>\n\t\t\t\t\t<\/div>\n\t\t<\/div>\n\t\t\t\t\t\t\t\t<\/div>\n\t\t\t\t\t<\/div>\n\t\t<\/section>\n\t\t\t\t\t\t<\/div>\n\t\t\t\t\t<\/div>\n\t\t<\/div>\n\t\t\t\t\t\t\t\t<\/div>\n\t\t\t\t\t<\/div>\n\t\t<\/section>\n\t\t\t\t<section class=\"elementor-section elementor-top-section elementor-element elementor-element-215b6e7 elementor-section-boxed elementor-section-height-default elementor-section-height-default\" data-id=\"215b6e7\" data-element_type=\"section\">\n\t\t\t\t\t\t<div class=\"elementor-container elementor-column-gap-default\">\n\t\t\t\t\t\t\t<div class=\"elementor-row\">\n\t\t\t\t\t<div class=\"elementor-column elementor-col-100 elementor-top-column elementor-element elementor-element-44af181\" data-id=\"44af181\" data-element_type=\"column\">\n\t\t\t<div class=\"elementor-column-wrap elementor-element-populated\">\n\t\t\t\t\t\t\t<div class=\"elementor-widget-wrap\">\n\t\t\t\t\t\t<div class=\"elementor-element elementor-element-7aa5f63 elementor-widget elementor-widget-text-editor\" data-id=\"7aa5f63\" data-element_type=\"widget\" data-widget_type=\"text-editor.default\">\n\t\t\t\t<div class=\"elementor-widget-container\">\n\t\t\t\t\t<div class=\"elementor-text-editor elementor-clearfix\"><p>Mar\u00eda Terrero admite cambios o devoluciones en un plazo de 14 d\u00edas desde la fecha de entrega de su pedido siempre y cuando la prenda se encuentre sin uso, con etiqueta y en las mismas condiciones que lo recibiste.<br \/>Los gastos de env\u00edo no se reembolsan en ning\u00fan caso.<\/p><p><strong>\u00bfQU\u00c9 ART\u00cdCULOS NO ADMITEN CAMBIOS Y DEVOLUCIONES?<\/strong><\/p><p>Debido a la naturaleza artesana del producto, en las prendas de Atelier no se admiten cambios ni devoluciones, ya que est\u00e1n confeccionadas expresamente para cada cliente bajo pedido, salvo error en la prenda. En cualquier caso, se har\u00e1 todo lo posible para que la prenda se ajuste a tu petici\u00f3n original.<\/p><p><strong>DEVOLUCIONES<\/strong><\/p><p>Una vez recibamos el producto devuelto, si todo est\u00e1 correcto ingresaremos en tu cuenta bancaria el valor del producto menos los gastos de env\u00edo.<\/p><p><strong>VENTA CON DESCUENTOS:<\/strong><\/p><p>Los productos en oferta o con alg\u00fan descuento, no tiene devoluci\u00f3n.<\/p><\/div>\n\t\t\t\t<\/div>\n\t\t\t\t<\/div>\n\t\t\t\t\t\t<\/div>\n\t\t\t\t\t<\/div>\n\t\t<\/div>\n\t\t\t\t\t\t\t\t<\/div>\n\t\t\t\t\t<\/div>\n\t\t<\/section>\n\t\t\t\t\t\t<\/div>\n\t\t\t\t\t\t<\/div>\n\t\t\t\t\t<\/div>\n\t\t","protected":false},"excerpt":{"rendered":"<p>Pol\u00edtica de Env\u00edos El tiempo de env\u00edo para Espa\u00f1a es de 2 a 4 d\u00edas laborables.Env\u00edo nacional est\u00e1ndar gratuito para pedidos superiores a 80 \u20ac. PRE-ORDER. Para los pedidos realizados bajo este encargo damos un plazo de 15 o 20 d\u00edas siempre y cuando tengamos el stock de tejidos. En caso contrario, informar\u00edamos del tiempo &hellip;<\/p>\n<p class=\"read-more\"> <a class=\"\" href=\"https:\/\/mariaterrero.com\/index.php\/envios-y-devoluciones\/\"> <span class=\"screen-reader-text\">Envios Y Devoluciones<\/span> Leer m\u00e1s &raquo;<\/a><\/p>\n","protected":false},"author":1,"featured_media":0,"parent":0,"menu_order":0,"comment_status":"closed","ping_status":"closed","template":"","meta":[],"_links":{"self":[{"href":"https:\/\/mariaterrero.com\/index.php\/wp-json\/wp\/v2\/pages\/2132"}],"collection":[{"href":"https:\/\/mariaterrero.com\/index.php\/wp-json\/wp\/v2\/pages"}],"about":[{"href":"https:\/\/mariaterrero.com\/index.php\/wp-json\/wp\/v2\/types\/page"}],"author":[{"embeddable":true,"href":"https:\/\/mariaterrero.com\/index.php\/wp-json\/wp\/v2\/users\/1"}],"replies":[{"embeddable":true,"href":"https:\/\/mariaterrero.com\/index.php\/wp-json\/wp\/v2\/comments?post=2132"}],"version-history":[{"count":37,"href":"https:\/\/mariaterrero.com\/index.php\/wp-json\/wp\/v2\/pages\/2132\/revisions"}],"predecessor-version":[{"id":3390,"href":"https:\/\/mariaterrero.com\/index.php\/wp-json\/wp\/v2\/pages\/2132\/revisions\/3390"}],"wp:attachment":[{"href":"https:\/\/mariaterrero.com\/index.php\/wp-json\/wp\/v2\/media?parent=2132"}],"curies":[{"name":"wp","href":"https:\/\/api.w.org\/{rel}","templated":true}]}}