{"id":2672,"date":"2021-02-01T09:46:04","date_gmt":"2021-02-01T09:46:04","guid":{"rendered":"https:\/\/mariaterrero.com\/?page_id=2672"},"modified":"2021-02-24T13:20:59","modified_gmt":"2021-02-24T13:20:59","slug":"diseno-a-medida","status":"publish","type":"page","link":"https:\/\/mariaterrero.com\/index.php\/diseno-a-medida\/","title":{"rendered":"Dise\u00f1o a medida"},"content":{"rendered":"\t\t<div data-elementor-type=\"wp-page\" data-elementor-id=\"2672\" class=\"elementor elementor-2672\" data-elementor-settings=\"[]\">\n\t\t\t\t\t\t<div class=\"elementor-inner\">\n\t\t\t\t\t\t\t<div class=\"elementor-section-wrap\">\n\t\t\t\t\t\t\t<section class=\"elementor-section elementor-top-section elementor-element elementor-element-0547e13 elementor-section-boxed elementor-section-height-default elementor-section-height-default\" data-id=\"0547e13\" data-element_type=\"section\">\n\t\t\t\t\t\t<div class=\"elementor-container elementor-column-gap-default\">\n\t\t\t\t\t\t\t<div class=\"elementor-row\">\n\t\t\t\t\t<div class=\"elementor-column elementor-col-100 elementor-top-column elementor-element elementor-element-1039034\" data-id=\"1039034\" data-element_type=\"column\">\n\t\t\t<div class=\"elementor-column-wrap elementor-element-populated\">\n\t\t\t\t\t\t\t<div class=\"elementor-widget-wrap\">\n\t\t\t\t\t\t<div class=\"elementor-element elementor-element-c2d141a elementor-widget elementor-widget-spacer\" data-id=\"c2d141a\" data-element_type=\"widget\" data-widget_type=\"spacer.default\">\n\t\t\t\t<div class=\"elementor-widget-container\">\n\t\t\t\t\t<div class=\"elementor-spacer\">\n\t\t\t<div class=\"elementor-spacer-inner\"><\/div>\n\t\t<\/div>\n\t\t\t\t<\/div>\n\t\t\t\t<\/div>\n\t\t\t\t\t\t<\/div>\n\t\t\t\t\t<\/div>\n\t\t<\/div>\n\t\t\t\t\t\t\t\t<\/div>\n\t\t\t\t\t<\/div>\n\t\t<\/section>\n\t\t\t\t<section class=\"elementor-section elementor-top-section elementor-element elementor-element-ef382f5 elementor-section-boxed elementor-section-height-default elementor-section-height-default\" data-id=\"ef382f5\" data-element_type=\"section\">\n\t\t\t\t\t\t<div class=\"elementor-container elementor-column-gap-default\">\n\t\t\t\t\t\t\t<div class=\"elementor-row\">\n\t\t\t\t\t<div class=\"elementor-column elementor-col-100 elementor-top-column elementor-element elementor-element-7edbca8\" data-id=\"7edbca8\" data-element_type=\"column\">\n\t\t\t<div class=\"elementor-column-wrap elementor-element-populated\">\n\t\t\t\t\t\t\t<div class=\"elementor-widget-wrap\">\n\t\t\t\t\t\t<div class=\"elementor-element elementor-element-314025b elementor-hidden-desktop elementor-widget elementor-widget-spacer\" data-id=\"314025b\" data-element_type=\"widget\" data-widget_type=\"spacer.default\">\n\t\t\t\t<div class=\"elementor-widget-container\">\n\t\t\t\t\t<div class=\"elementor-spacer\">\n\t\t\t<div class=\"elementor-spacer-inner\"><\/div>\n\t\t<\/div>\n\t\t\t\t<\/div>\n\t\t\t\t<\/div>\n\t\t\t\t<div class=\"elementor-element elementor-element-26fd9cc elementor-widget elementor-widget-heading\" data-id=\"26fd9cc\" data-element_type=\"widget\" data-widget_type=\"heading.default\">\n\t\t\t\t<div class=\"elementor-widget-container\">\n\t\t\t<h2 class=\"elementor-heading-title elementor-size-default\">DISE\u00d1O A MEDIDA<\/h2>\t\t<\/div>\n\t\t\t\t<\/div>\n\t\t\t\t\t\t<\/div>\n\t\t\t\t\t<\/div>\n\t\t<\/div>\n\t\t\t\t\t\t\t\t<\/div>\n\t\t\t\t\t<\/div>\n\t\t<\/section>\n\t\t\t\t<section class=\"elementor-section elementor-top-section elementor-element elementor-element-68d7c3f elementor-section-boxed elementor-section-height-default elementor-section-height-default\" data-id=\"68d7c3f\" data-element_type=\"section\">\n\t\t\t\t\t\t<div class=\"elementor-container elementor-column-gap-default\">\n\t\t\t\t\t\t\t<div class=\"elementor-row\">\n\t\t\t\t\t<div class=\"elementor-column elementor-col-100 elementor-top-column elementor-element elementor-element-e76c50c\" data-id=\"e76c50c\" data-element_type=\"column\">\n\t\t\t<div class=\"elementor-column-wrap elementor-element-populated\">\n\t\t\t\t\t\t\t<div class=\"elementor-widget-wrap\">\n\t\t\t\t\t\t<div class=\"elementor-element elementor-element-7a1d4bd elementor-widget elementor-widget-text-editor\" data-id=\"7a1d4bd\" data-element_type=\"widget\" data-widget_type=\"text-editor.default\">\n\t\t\t\t<div class=\"elementor-widget-container\">\n\t\t\t\t\t<div class=\"elementor-text-editor elementor-clearfix\"><p>Enhorabuena por el paso que vas a dar, deseo que est\u00e9s disfrutando much\u00edsimo. Me siento agradecida de que te hayas fijado en mi trabajo para novias y espero poder ayudarte en lo que necesites.<\/p><p>El vestido debe ser el que te haga sentir m\u00e1s c\u00f3moda, favorecida y sobretodo que te identifique. Estar\u00e9 encantada de asesorarte sobre ello y me encanta que conf\u00edes en mi criterio, siempre teniendo en cuenta tu estilo y tus preferencias personales. Es por eso que la confecci\u00f3n de tu vestido tendr\u00e1 un proceso:<\/p><p><b>Primera toma de contacto<\/b> escogeremos una fecha para poder hacer una cita para conocernos. Que me expliques la idea que buscas para tu boda, como es tu estilo, que buscas, como est\u00e1 ambientada, que ideas tienes, el ramo, etc y todo el conjunto para poder empezar a trabajar con los bocetos.<\/p><p><b>En la segunda cita<\/b>: te ense\u00f1o los dise\u00f1os que he creado para ti, modificando y concretando detalles para llevarlo a cabo en la tela.<\/p><p>Tras todo este proceso, comenzamos a confeccionar <b>tu vestido exclusivo<\/b>.<\/p><p>\u00a0<\/p><\/div>\n\t\t\t\t<\/div>\n\t\t\t\t<\/div>\n\t\t\t\t\t\t<\/div>\n\t\t\t\t\t<\/div>\n\t\t<\/div>\n\t\t\t\t\t\t\t\t<\/div>\n\t\t\t\t\t<\/div>\n\t\t<\/section>\n\t\t\t\t<section class=\"elementor-section elementor-top-section elementor-element elementor-element-301f3e2 elementor-section-full_width elementor-section-height-default elementor-section-height-default\" data-id=\"301f3e2\" data-element_type=\"section\">\n\t\t\t\t\t\t<div class=\"elementor-container elementor-column-gap-default\">\n\t\t\t\t\t\t\t<div class=\"elementor-row\">\n\t\t\t\t\t<div class=\"elementor-column elementor-col-100 elementor-top-column elementor-element elementor-element-9194d32\" data-id=\"9194d32\" data-element_type=\"column\">\n\t\t\t<div class=\"elementor-column-wrap elementor-element-populated\">\n\t\t\t\t\t\t\t<div class=\"elementor-widget-wrap\">\n\t\t\t\t\t\t<div class=\"elementor-element elementor-element-4642c7b elementor-aspect-ratio-169 elementor-widget elementor-widget-video\" data-id=\"4642c7b\" data-element_type=\"widget\" data-settings=\"{&quot;youtube_url&quot;:&quot;https:\\\/\\\/www.youtube.com\\\/watch?v=SSfg46kwdYA&amp;feature=youtu.be&quot;,&quot;autoplay&quot;:&quot;yes&quot;,&quot;video_type&quot;:&quot;youtube&quot;,&quot;controls&quot;:&quot;yes&quot;,&quot;aspect_ratio&quot;:&quot;169&quot;}\" data-widget_type=\"video.default\">\n\t\t\t\t<div class=\"elementor-widget-container\">\n\t\t\t\t\t<div class=\"elementor-wrapper elementor-fit-aspect-ratio elementor-open-inline\">\n\t\t\t<div class=\"elementor-video\"><\/div>\t\t<\/div>\n\t\t\t\t<\/div>\n\t\t\t\t<\/div>\n\t\t\t\t\t\t<\/div>\n\t\t\t\t\t<\/div>\n\t\t<\/div>\n\t\t\t\t\t\t\t\t<\/div>\n\t\t\t\t\t<\/div>\n\t\t<\/section>\n\t\t\t\t\t\t<\/div>\n\t\t\t\t\t\t<\/div>\n\t\t\t\t\t<\/div>\n\t\t","protected":false},"excerpt":{"rendered":"<p>DISE\u00d1O A MEDIDA Enhorabuena por el paso que vas a dar, deseo que est\u00e9s disfrutando much\u00edsimo. Me siento agradecida de que te hayas fijado en mi trabajo para novias y espero poder ayudarte en lo que necesites. El vestido debe ser el que te haga sentir m\u00e1s c\u00f3moda, favorecida y sobretodo que te identifique. Estar\u00e9 &hellip;<\/p>\n<p class=\"read-more\"> <a class=\"\" href=\"https:\/\/mariaterrero.com\/index.php\/diseno-a-medida\/\"> <span class=\"screen-reader-text\">Dise\u00f1o a medida<\/span> Leer m\u00e1s &raquo;<\/a><\/p>\n","protected":false},"author":1,"featured_media":0,"parent":0,"menu_order":0,"comment_status":"closed","ping_status":"closed","template":"","meta":[],"_links":{"self":[{"href":"https:\/\/mariaterrero.com\/index.php\/wp-json\/wp\/v2\/pages\/2672"}],"collection":[{"href":"https:\/\/mariaterrero.com\/index.php\/wp-json\/wp\/v2\/pages"}],"about":[{"href":"https:\/\/mariaterrero.com\/index.php\/wp-json\/wp\/v2\/types\/page"}],"author":[{"embeddable":true,"href":"https:\/\/mariaterrero.com\/index.php\/wp-json\/wp\/v2\/users\/1"}],"replies":[{"embeddable":true,"href":"https:\/\/mariaterrero.com\/index.php\/wp-json\/wp\/v2\/comments?post=2672"}],"version-history":[{"count":43,"href":"https:\/\/mariaterrero.com\/index.php\/wp-json\/wp\/v2\/pages\/2672\/revisions"}],"predecessor-version":[{"id":3177,"href":"https:\/\/mariaterrero.com\/index.php\/wp-json\/wp\/v2\/pages\/2672\/revisions\/3177"}],"wp:attachment":[{"href":"https:\/\/mariaterrero.com\/index.php\/wp-json\/wp\/v2\/media?parent=2672"}],"curies":[{"name":"wp","href":"https:\/\/api.w.org\/{rel}","templated":true}]}}