{"id":2357,"date":"2021-01-23T03:07:15","date_gmt":"2021-01-23T03:07:15","guid":{"rendered":"https:\/\/mariaterrero.com\/?post_type=product&#038;p=2357"},"modified":"2021-03-10T22:08:52","modified_gmt":"2021-03-10T22:08:52","slug":"caroline-dress","status":"publish","type":"product","link":"https:\/\/mariaterrero.com\/index.php\/producto\/caroline-dress\/","title":{"rendered":"Dress Caroline"},"content":{"rendered":"<p>Este espectacular dise\u00f1o destaca por su cuerpo arquitect\u00f3nico con impresionantes pliegues en el pecho. Va acompa\u00f1ado por un cintur\u00f3n que resalta la cintura. La falda est\u00e1 confeccionada por una tela en crepe que hace este vestido que sea m\u00e1s confortable y c\u00f3modo.<\/p>\n","protected":false},"excerpt":{"rendered":"<p>Vestido fiesta marino<\/p>\n","protected":false},"featured_media":2362,"comment_status":"open","ping_status":"closed","template":"","meta":[],"_links":{"self":[{"href":"https:\/\/mariaterrero.com\/index.php\/wp-json\/wp\/v2\/product\/2357"}],"collection":[{"href":"https:\/\/mariaterrero.com\/index.php\/wp-json\/wp\/v2\/product"}],"about":[{"href":"https:\/\/mariaterrero.com\/index.php\/wp-json\/wp\/v2\/types\/product"}],"replies":[{"embeddable":true,"href":"https:\/\/mariaterrero.com\/index.php\/wp-json\/wp\/v2\/comments?post=2357"}],"version-history":[{"count":6,"href":"https:\/\/mariaterrero.com\/index.php\/wp-json\/wp\/v2\/product\/2357\/revisions"}],"predecessor-version":[{"id":3364,"href":"https:\/\/mariaterrero.com\/index.php\/wp-json\/wp\/v2\/product\/2357\/revisions\/3364"}],"wp:featuredmedia":[{"embeddable":true,"href":"https:\/\/mariaterrero.com\/index.php\/wp-json\/wp\/v2\/media\/2362"}],"wp:attachment":[{"href":"https:\/\/mariaterrero.com\/index.php\/wp-json\/wp\/v2\/media?parent=2357"}],"curies":[{"name":"wp","href":"https:\/\/api.w.org\/{rel}","templated":true}]}}