{"id":2445,"date":"2021-01-23T16:08:46","date_gmt":"2021-01-23T16:08:46","guid":{"rendered":"https:\/\/mariaterrero.com\/?post_type=product&#038;p=2445"},"modified":"2021-03-10T22:25:48","modified_gmt":"2021-03-10T22:25:48","slug":"dress-celine","status":"publish","type":"product","link":"https:\/\/mariaterrero.com\/index.php\/producto\/dress-celine\/","title":{"rendered":"Dress Celine"},"content":{"rendered":"<p>Vestido camisero confeccionado en sat\u00e9n, largo midi, minimalista y elegante. Muy vers\u00e1til, tiene miles de combinaciones. El vestido perfecto para cualquier ocasi\u00f3n.<\/p>\n","protected":false},"excerpt":{"rendered":"<p>Vestido sat\u00e9n<\/p>\n","protected":false},"featured_media":2450,"comment_status":"open","ping_status":"closed","template":"","meta":[],"_links":{"self":[{"href":"https:\/\/mariaterrero.com\/index.php\/wp-json\/wp\/v2\/product\/2445"}],"collection":[{"href":"https:\/\/mariaterrero.com\/index.php\/wp-json\/wp\/v2\/product"}],"about":[{"href":"https:\/\/mariaterrero.com\/index.php\/wp-json\/wp\/v2\/types\/product"}],"replies":[{"embeddable":true,"href":"https:\/\/mariaterrero.com\/index.php\/wp-json\/wp\/v2\/comments?post=2445"}],"version-history":[{"count":4,"href":"https:\/\/mariaterrero.com\/index.php\/wp-json\/wp\/v2\/product\/2445\/revisions"}],"predecessor-version":[{"id":3370,"href":"https:\/\/mariaterrero.com\/index.php\/wp-json\/wp\/v2\/product\/2445\/revisions\/3370"}],"wp:featuredmedia":[{"embeddable":true,"href":"https:\/\/mariaterrero.com\/index.php\/wp-json\/wp\/v2\/media\/2450"}],"wp:attachment":[{"href":"https:\/\/mariaterrero.com\/index.php\/wp-json\/wp\/v2\/media?parent=2445"}],"curies":[{"name":"wp","href":"https:\/\/api.w.org\/{rel}","templated":true}]}}