{"id":2535,"date":"2021-01-23T17:17:49","date_gmt":"2021-01-23T17:17:49","guid":{"rendered":"https:\/\/mariaterrero.com\/?post_type=product&#038;p=2535"},"modified":"2021-03-12T13:32:41","modified_gmt":"2021-03-12T13:32:41","slug":"falda-marie","status":"publish","type":"product","link":"https:\/\/mariaterrero.com\/index.php\/producto\/falda-marie\/","title":{"rendered":"Falda Marie"},"content":{"rendered":"<p>La falda mas favorecedora de nuestra colecci\u00f3n. Es la versi\u00f3n mas arreglada y estilosa pero igualmente vers\u00e1til. Se adapta al cuerpo y no puede ser mas c\u00f3moda. Confeccionada en sat\u00e9n y que combina a la perfecci\u00f3n con la blusa Sophie.<\/p>\n","protected":false},"excerpt":{"rendered":"<p>Falda blanca<\/p>\n","protected":false},"featured_media":2542,"comment_status":"open","ping_status":"closed","template":"","meta":[],"_links":{"self":[{"href":"https:\/\/mariaterrero.com\/index.php\/wp-json\/wp\/v2\/product\/2535"}],"collection":[{"href":"https:\/\/mariaterrero.com\/index.php\/wp-json\/wp\/v2\/product"}],"about":[{"href":"https:\/\/mariaterrero.com\/index.php\/wp-json\/wp\/v2\/types\/product"}],"replies":[{"embeddable":true,"href":"https:\/\/mariaterrero.com\/index.php\/wp-json\/wp\/v2\/comments?post=2535"}],"version-history":[{"count":5,"href":"https:\/\/mariaterrero.com\/index.php\/wp-json\/wp\/v2\/product\/2535\/revisions"}],"predecessor-version":[{"id":3378,"href":"https:\/\/mariaterrero.com\/index.php\/wp-json\/wp\/v2\/product\/2535\/revisions\/3378"}],"wp:featuredmedia":[{"embeddable":true,"href":"https:\/\/mariaterrero.com\/index.php\/wp-json\/wp\/v2\/media\/2542"}],"wp:attachment":[{"href":"https:\/\/mariaterrero.com\/index.php\/wp-json\/wp\/v2\/media?parent=2535"}],"curies":[{"name":"wp","href":"https:\/\/api.w.org\/{rel}","templated":true}]}}