{"id":2545,"date":"2021-01-23T17:22:49","date_gmt":"2021-01-23T17:22:49","guid":{"rendered":"https:\/\/mariaterrero.com\/?post_type=product&#038;p=2545"},"modified":"2021-02-22T18:11:37","modified_gmt":"2021-02-22T18:11:37","slug":"blusa-sophie","status":"publish","type":"product","link":"https:\/\/mariaterrero.com\/index.php\/producto\/blusa-sophie\/","title":{"rendered":"Blusa Sophie"},"content":{"rendered":"<p>La blusa destaca por su favorecedor dise\u00f1o en el que destaca su cuello chimenea abotonado por la espalda y su deslumbrante tejido de sat\u00e9n que se adapta a todo tipo de cuerpos. Va acompa\u00f1ada de unas hombreras que <span data-sheets-value=\"{&quot;1&quot;:2,&quot;2&quot;:&quot;recrean una silueta mas marcada,cuadrada y poderosa.&quot;}\" data-sheets-userformat=\"{&quot;2&quot;:513,&quot;3&quot;:{&quot;1&quot;:0},&quot;12&quot;:0}\">recrean una silueta mas marcada, cuadrada y poderosa.<\/span><\/p>\n","protected":false},"excerpt":{"rendered":"<p>Blusa blanca<\/p>\n","protected":false},"featured_media":2539,"comment_status":"open","ping_status":"closed","template":"","meta":[],"_links":{"self":[{"href":"https:\/\/mariaterrero.com\/index.php\/wp-json\/wp\/v2\/product\/2545"}],"collection":[{"href":"https:\/\/mariaterrero.com\/index.php\/wp-json\/wp\/v2\/product"}],"about":[{"href":"https:\/\/mariaterrero.com\/index.php\/wp-json\/wp\/v2\/types\/product"}],"replies":[{"embeddable":true,"href":"https:\/\/mariaterrero.com\/index.php\/wp-json\/wp\/v2\/comments?post=2545"}],"version-history":[{"count":3,"href":"https:\/\/mariaterrero.com\/index.php\/wp-json\/wp\/v2\/product\/2545\/revisions"}],"predecessor-version":[{"id":2650,"href":"https:\/\/mariaterrero.com\/index.php\/wp-json\/wp\/v2\/product\/2545\/revisions\/2650"}],"wp:featuredmedia":[{"embeddable":true,"href":"https:\/\/mariaterrero.com\/index.php\/wp-json\/wp\/v2\/media\/2539"}],"wp:attachment":[{"href":"https:\/\/mariaterrero.com\/index.php\/wp-json\/wp\/v2\/media?parent=2545"}],"curies":[{"name":"wp","href":"https:\/\/api.w.org\/{rel}","templated":true}]}}